{"id":90,"date":"2025-06-09T12:19:53","date_gmt":"2025-06-09T10:19:53","guid":{"rendered":"https:\/\/lesgrandssinges.com\/?post_type=product&#038;p=90"},"modified":"2026-05-03T13:50:25","modified_gmt":"2026-05-03T11:50:25","slug":"90","status":"publish","type":"product","link":"https:\/\/lesgrandssinges.com\/index.php\/product\/90\/","title":{"rendered":"Fr\u00e9d\u00e9ric Pag\u00e8s <br><strong>Danse Libre<\/strong><br>\u00c9puis\u00e9"},"content":{"rendered":"<p>Fr\u00e9d\u00e9ric Pag\u00e8s avance sur cette lisi\u00e8re entre l\u2019\u00e9crit et le corps, entre les signes et le souffle dans la danse libre des mots. Il aime les textes qui rec\u00e8lent en eux-m\u00eames une rythmique, une musicalit\u00e9 et qui prennent un sens nouveau quand ils sont jou\u00e9s (au sens musical) \u00e0 la voix.<br \/>\nIl nous emm\u00e8ne ici dans des voyages au risque d\u2019un corps \u00e0 corps avec la vie, sans oublier ce que l\u2019existence m\u00eame rec\u00e8le d\u2019\u00e9trange aussi bien dans sa beaut\u00e9 que dans son \u00e2pret\u00e9.<\/p>\n<p>Fr\u00e9d\u00e9ric Pag\u00e8s a enregistr\u00e9 sept CD entre France et Br\u00e9sil.\u00a0 Il a publi\u00e9 des grands reportages et critiques litt\u00e9raires et musicales dans <em>T\u00e9l\u00e9rama<\/em>, Les <em>Inrockuptibles<\/em>, <em>Le Monde des Religions<\/em>, <em>Europe<\/em>, <em>Jazzman<\/em>, <em>Jazz Magazine<\/em>, des r\u00e9cits et des textes po\u00e9tiques dans <em>l\u2019Autre Journal<\/em>,<em> Fluide Glacial<\/em> et <em>Revista Sagarana<\/em>, il a \u00e9t\u00e9 correspondant en France des revues br\u00e9siliennes <em>Bravo !<\/em>, <em>Republica<\/em> et <em>no.com.br<\/em>.<\/p>\n<p>ISBN 979-10-976907-2-4<\/p>\n","protected":false},"excerpt":{"rendered":"<p>Fr\u00e9d\u00e9ric Pag\u00e8s avance sur cette lisi\u00e8re entre l\u2019\u00e9crit et le corps, entre les signes et le souffle dans la danse libre des mots.<\/p>\n<p>Du m\u00eame auteur aux \u00c9ditions Les Grands Singes, nouvelle \u00e9dition revue de : <a href=\"https:\/\/lesgrandssinges.com\/index.php\/product\/frederique-pages-danse-libre-reedition\/\"><strong><em>Danse libre<\/em><\/strong><\/a><\/p>\n","protected":false},"featured_media":100,"template":"","meta":{"_monsterinsights_skip_tracking":false,"_monsterinsights_sitenote_active":false,"_monsterinsights_sitenote_note":"","_monsterinsights_sitenote_category":0},"product_brand":[],"product_cat":[37,23],"product_tag":[],"class_list":{"0":"post-90","1":"product","2":"type-product","3":"status-publish","4":"has-post-thumbnail","6":"product_cat-epuise","7":"product_cat-poesie","9":"first","10":"onbackorder","11":"shipping-taxable","12":"product-type-simple"},"aioseo_notices":[],"jetpack_sharing_enabled":true,"_links":{"self":[{"href":"https:\/\/lesgrandssinges.com\/index.php\/wp-json\/wp\/v2\/product\/90","targetHints":{"allow":["GET"]}}],"collection":[{"href":"https:\/\/lesgrandssinges.com\/index.php\/wp-json\/wp\/v2\/product"}],"about":[{"href":"https:\/\/lesgrandssinges.com\/index.php\/wp-json\/wp\/v2\/types\/product"}],"wp:featuredmedia":[{"embeddable":true,"href":"https:\/\/lesgrandssinges.com\/index.php\/wp-json\/wp\/v2\/media\/100"}],"wp:attachment":[{"href":"https:\/\/lesgrandssinges.com\/index.php\/wp-json\/wp\/v2\/media?parent=90"}],"wp:term":[{"taxonomy":"product_brand","embeddable":true,"href":"https:\/\/lesgrandssinges.com\/index.php\/wp-json\/wp\/v2\/product_brand?post=90"},{"taxonomy":"product_cat","embeddable":true,"href":"https:\/\/lesgrandssinges.com\/index.php\/wp-json\/wp\/v2\/product_cat?post=90"},{"taxonomy":"product_tag","embeddable":true,"href":"https:\/\/lesgrandssinges.com\/index.php\/wp-json\/wp\/v2\/product_tag?post=90"}],"curies":[{"name":"wp","href":"https:\/\/api.w.org\/{rel}","templated":true}]}}