{"id":89,"date":"2025-06-09T12:19:15","date_gmt":"2025-06-09T10:19:15","guid":{"rendered":"https:\/\/lesgrandssinges.com\/?post_type=product&#038;p=89"},"modified":"2026-05-03T13:47:24","modified_gmt":"2026-05-03T11:47:24","slug":"89","status":"publish","type":"product","link":"https:\/\/lesgrandssinges.com\/index.php\/product\/89\/","title":{"rendered":"J\u00e9r\u00f4me Karoly <br><strong>Au plus clair du temps<\/strong>"},"content":{"rendered":"<p>Une anthologie de l\u2019\u0153uvre po\u00e9tique de J\u00e9r\u00f4me Karoly o\u00f9 se d\u00e9ploient une vari\u00e9t\u00e9 de formes et de choix artistiques qui vont des po\u00e8mes tr\u00e8s resserr\u00e9s \u00e0 des \u00e9lans lyriques non loin du baroque. Il aborde les th\u00e8mes qui lui sont chers comme l\u2019\u00e9merveillement de la conscience, le don de la lumi\u00e8re, la nature insaisissable du temps, mais aussi, en une forme de contrepoint, la nuit et l\u2019ombre f\u00e9conde.<\/p>\n<p>&nbsp;<\/p>\n<p>J\u00e9r\u00f4me Karoly (nom de plume) a travaill\u00e9 pour des \u00e9diteurs en France, en Suisse et en Italie. Il a \u00e9t\u00e9 journaliste pendant une dizaine d\u2019ann\u00e9es pour diff\u00e9rents hebdomadaires nationaux, avant de se d\u00e9dier \u00e0 la sinologie.<br \/>\nEnseignant-chercheur \u00e0 l\u2019universit\u00e9 en Italie, il a men\u00e9 diff\u00e9rents projets de recherche en philosophie en collaboration avec des universit\u00e9s chinoises.<br \/>\nPlusieurs de ses textes et de ses traductions ont \u00e9t\u00e9 publi\u00e9s en Italie (<em>Ancora del Mediterraneo<\/em>, <em>Belforte<\/em>, <em>ETS<\/em>, <em>Giunti<\/em>, <em>Le Lettere<\/em>). Rentr\u00e9 en France depuis quelques ann\u00e9es, il se consacre d\u00e9sormais \u00e0 l\u2019\u00e9criture de romans, de nouvelles et de po\u00e9sie.<\/p>\n","protected":false},"excerpt":{"rendered":"<p>Une anthologie de l\u2019\u0153uvre po\u00e9tique de J\u00e9r\u00f4me Karoly o\u00f9 se d\u00e9ploient une vari\u00e9t\u00e9 de formes et de choix artistiques qui vont des po\u00e8mes tr\u00e8s resserr\u00e9s \u00e0 des \u00e9lans lyriques non loin du baroque.<\/p>\n<p>Du m\u00eame auteur aux \u00c9ditions Les Grands Singes :<strong> <a href=\"https:\/\/lesgrandssinges.com\/index.php\/product\/jerome-karoly-lage-elastique\/\"><em>L\u2019\u00e2ge \u00e9lastique<\/em><\/a><\/strong><\/p>\n","protected":false},"featured_media":101,"template":"","meta":{"_monsterinsights_skip_tracking":false,"_monsterinsights_sitenote_active":false,"_monsterinsights_sitenote_note":"","_monsterinsights_sitenote_category":0},"product_brand":[],"product_cat":[33,23],"product_tag":[],"class_list":{"0":"post-89","1":"product","2":"type-product","3":"status-publish","4":"has-post-thumbnail","6":"product_cat-parus","7":"product_cat-poesie","9":"first","10":"instock","11":"shipping-taxable","12":"purchasable","13":"product-type-simple"},"aioseo_notices":[],"jetpack_sharing_enabled":true,"_links":{"self":[{"href":"https:\/\/lesgrandssinges.com\/index.php\/wp-json\/wp\/v2\/product\/89","targetHints":{"allow":["GET"]}}],"collection":[{"href":"https:\/\/lesgrandssinges.com\/index.php\/wp-json\/wp\/v2\/product"}],"about":[{"href":"https:\/\/lesgrandssinges.com\/index.php\/wp-json\/wp\/v2\/types\/product"}],"wp:featuredmedia":[{"embeddable":true,"href":"https:\/\/lesgrandssinges.com\/index.php\/wp-json\/wp\/v2\/media\/101"}],"wp:attachment":[{"href":"https:\/\/lesgrandssinges.com\/index.php\/wp-json\/wp\/v2\/media?parent=89"}],"wp:term":[{"taxonomy":"product_brand","embeddable":true,"href":"https:\/\/lesgrandssinges.com\/index.php\/wp-json\/wp\/v2\/product_brand?post=89"},{"taxonomy":"product_cat","embeddable":true,"href":"https:\/\/lesgrandssinges.com\/index.php\/wp-json\/wp\/v2\/product_cat?post=89"},{"taxonomy":"product_tag","embeddable":true,"href":"https:\/\/lesgrandssinges.com\/index.php\/wp-json\/wp\/v2\/product_tag?post=89"}],"curies":[{"name":"wp","href":"https:\/\/api.w.org\/{rel}","templated":true}]}}