{"id":88,"date":"2025-06-09T12:18:20","date_gmt":"2025-06-09T10:18:20","guid":{"rendered":"https:\/\/lesgrandssinges.com\/?post_type=product&#038;p=88"},"modified":"2026-05-03T13:47:51","modified_gmt":"2026-05-03T11:47:51","slug":"88","status":"publish","type":"product","link":"https:\/\/lesgrandssinges.com\/index.php\/product\/88\/","title":{"rendered":"J\u00e9r\u00f4me Soufflet <br><strong>L&rsquo;acharn\u00e9<\/strong>"},"content":{"rendered":"<p>L&rsquo;acharn\u00e9 s&rsquo;acharne&#8230; \u00c9cueils, doutes, \u00e9checs, deuils, rien n&rsquo;arr\u00eate ce fervent voyageur, qui nous propose d&rsquo;explorer avec lui ses g\u00e9ographies imaginaires ou bien r\u00e9elles, et leurs \u00e9tapes merveilleuses ou inqui\u00e9tantes, mais toujours pleines de vie. Au travers des pays et des \u00e2ges travers\u00e9s, peupl\u00e9s de rencontres, de retrouvailles et d&rsquo;adieux, c&rsquo;est aussi, et surtout, \u00e0 un voyage sensuel avec les mots, leur saveur et leur musique, que nous invitent ces po\u00e8mes, pr\u00eats \u00e0 s&rsquo;\u00e9chapper de leurs pages pour \u00eatre lus \u00e0 haute voix&#8230; ou chuchot\u00e9s \u00e0 une oreille amie&#8230;<\/p>\n<p>J\u00e9r\u00f4me Soufflet est po\u00e8te mais aussi com\u00e9dien et dramaturge. Les tourn\u00e9es th\u00e9\u00e2trales, comme les tournages de cin\u00e9ma ou de s\u00e9ries, ont contribu\u00e9 \u00e0 nourrir son amour du voyage, qui est le th\u00e8me de ce recueil. Plusieurs de ses nouvelles ont re\u00e7u des prix. Il est \u00e9galement l&rsquo;auteur de plus d&rsquo;une dizaine de pi\u00e8ces de th\u00e9\u00e2tre originales (<em>Un temps de pierre, Noces, Les repr\u00e9sentants, La foire aux aveux&#8230;<\/em>), et d&rsquo;adaptations (<em>Le Moine<\/em> d&rsquo;ap\u00e8s M.G. Lewis, <em>Fatalitas !<\/em> d&rsquo;apr\u00e8s Gaston Leroux&#8230;), qui ont toutes \u00e9t\u00e9 jou\u00e9es par des compagnies professionnelles.<\/p>\n","protected":false},"excerpt":{"rendered":"<p>L&rsquo;acharn\u00e9 s&rsquo;acharne&#8230; \u00c9cueils, doutes, \u00e9checs, deuils, rien n&rsquo;arr\u00eate ce fervent voyageur, qui nous propose d&rsquo;explorer avec lui ses g\u00e9ographies imaginaires ou bien r\u00e9elles, et leurs \u00e9tapes merveilleuses ou inqui\u00e9tantes, mais toujours pleines de vie.<\/p>\n<p>Du m\u00eame auteur aux \u00c9ditions Les Grands Singes : <strong><a href=\"https:\/\/lesgrandssinges.com\/index.php\/product\/jerome-soufflet-chair-et-cendre\/\">Chair et cendre<\/a><\/strong><\/p>\n","protected":false},"featured_media":102,"template":"","meta":{"_monsterinsights_skip_tracking":false,"_monsterinsights_sitenote_active":false,"_monsterinsights_sitenote_note":"","_monsterinsights_sitenote_category":0},"product_brand":[],"product_cat":[33,23],"product_tag":[],"class_list":{"0":"post-88","1":"product","2":"type-product","3":"status-publish","4":"has-post-thumbnail","6":"product_cat-parus","7":"product_cat-poesie","9":"first","10":"instock","11":"shipping-taxable","12":"purchasable","13":"product-type-simple"},"aioseo_notices":[],"jetpack_sharing_enabled":true,"_links":{"self":[{"href":"https:\/\/lesgrandssinges.com\/index.php\/wp-json\/wp\/v2\/product\/88","targetHints":{"allow":["GET"]}}],"collection":[{"href":"https:\/\/lesgrandssinges.com\/index.php\/wp-json\/wp\/v2\/product"}],"about":[{"href":"https:\/\/lesgrandssinges.com\/index.php\/wp-json\/wp\/v2\/types\/product"}],"wp:featuredmedia":[{"embeddable":true,"href":"https:\/\/lesgrandssinges.com\/index.php\/wp-json\/wp\/v2\/media\/102"}],"wp:attachment":[{"href":"https:\/\/lesgrandssinges.com\/index.php\/wp-json\/wp\/v2\/media?parent=88"}],"wp:term":[{"taxonomy":"product_brand","embeddable":true,"href":"https:\/\/lesgrandssinges.com\/index.php\/wp-json\/wp\/v2\/product_brand?post=88"},{"taxonomy":"product_cat","embeddable":true,"href":"https:\/\/lesgrandssinges.com\/index.php\/wp-json\/wp\/v2\/product_cat?post=88"},{"taxonomy":"product_tag","embeddable":true,"href":"https:\/\/lesgrandssinges.com\/index.php\/wp-json\/wp\/v2\/product_tag?post=88"}],"curies":[{"name":"wp","href":"https:\/\/api.w.org\/{rel}","templated":true}]}}