{"id":87,"date":"2025-06-09T12:16:57","date_gmt":"2025-06-09T10:16:57","guid":{"rendered":"https:\/\/lesgrandssinges.com\/?post_type=product&#038;p=87"},"modified":"2026-05-03T13:44:21","modified_gmt":"2026-05-03T11:44:21","slug":"87","status":"publish","type":"product","link":"https:\/\/lesgrandssinges.com\/index.php\/product\/87\/","title":{"rendered":"Miguel Espejo <br><strong>Splendeur d&rsquo;absences<\/strong>"},"content":{"rendered":"<p><em>Je l&rsquo;ai lu avec un grand plaisir [l&rsquo;article sur Antonio Porchia]. Mais avec un plaisir plus grand, oui, beaucoup plus grand, vos po\u00e8mes. Et m\u00eame, dire que je les ai lus n&rsquo;est pas exact, car je ne cesse d&rsquo;y revenir, de temps en temps, quand l&rsquo;envie me prend de rejoindre la profondeur. Je ne suis alors jamais d\u00e9\u00e7u, ni jamais ne reste sur ma faim.\u00a0<\/em><\/p>\n<p style=\"text-align: right;\">Roger Munier<\/p>\n<h2>L&rsquo;auteur<\/h2>\n<p><strong>Miguel Espejo<\/strong> est un po\u00e8te argentin, essayiste, romancier (mais aussi traducteur et journaliste) qui a publi\u00e9 de nombreux ouvrages dans ces diff\u00e9rents genres. Sa po\u00e9sie a \u00e9t\u00e9 traduite en fran\u00e7ais, en anglais et en allemand.<\/p>\n<p>Tout au long de sa carri\u00e8re, il a re\u00e7u diff\u00e9rents prix en Argentine, au Mexique et en Espagne. Il a \u00e9t\u00e9 laur\u00e9at du programme de <em>R\u00e9sidences internationale Ville de Paris\/Institut fran\u00e7ais<\/em>, en 2012, pour son projet <em>La pens\u00e9e po\u00e9tique<\/em>.<\/p>\n","protected":false},"excerpt":{"rendered":"<p>Recueil de po\u00e9sie bilingue fran\u00e7ais-espagnol<\/p>\n<p>Titre espagnol : <strong><em>Esplendor de ausencias<\/em><\/strong><\/p>\n","protected":false},"featured_media":103,"template":"","meta":{"_monsterinsights_skip_tracking":false,"_monsterinsights_sitenote_active":false,"_monsterinsights_sitenote_note":"","_monsterinsights_sitenote_category":0},"product_brand":[],"product_cat":[33,23],"product_tag":[],"class_list":{"0":"post-87","1":"product","2":"type-product","3":"status-publish","4":"has-post-thumbnail","6":"product_cat-parus","7":"product_cat-poesie","9":"first","10":"instock","11":"shipping-taxable","12":"purchasable","13":"product-type-simple"},"aioseo_notices":[],"jetpack_sharing_enabled":true,"_links":{"self":[{"href":"https:\/\/lesgrandssinges.com\/index.php\/wp-json\/wp\/v2\/product\/87","targetHints":{"allow":["GET"]}}],"collection":[{"href":"https:\/\/lesgrandssinges.com\/index.php\/wp-json\/wp\/v2\/product"}],"about":[{"href":"https:\/\/lesgrandssinges.com\/index.php\/wp-json\/wp\/v2\/types\/product"}],"wp:featuredmedia":[{"embeddable":true,"href":"https:\/\/lesgrandssinges.com\/index.php\/wp-json\/wp\/v2\/media\/103"}],"wp:attachment":[{"href":"https:\/\/lesgrandssinges.com\/index.php\/wp-json\/wp\/v2\/media?parent=87"}],"wp:term":[{"taxonomy":"product_brand","embeddable":true,"href":"https:\/\/lesgrandssinges.com\/index.php\/wp-json\/wp\/v2\/product_brand?post=87"},{"taxonomy":"product_cat","embeddable":true,"href":"https:\/\/lesgrandssinges.com\/index.php\/wp-json\/wp\/v2\/product_cat?post=87"},{"taxonomy":"product_tag","embeddable":true,"href":"https:\/\/lesgrandssinges.com\/index.php\/wp-json\/wp\/v2\/product_tag?post=87"}],"curies":[{"name":"wp","href":"https:\/\/api.w.org\/{rel}","templated":true}]}}