{"id":260,"date":"2026-04-27T21:56:05","date_gmt":"2026-04-27T19:56:05","guid":{"rendered":"https:\/\/lesgrandssinges.com\/?post_type=product&#038;p=260"},"modified":"2026-04-27T21:56:59","modified_gmt":"2026-04-27T19:56:59","slug":"frederique-pages-danse-libre-reedition","status":"publish","type":"product","link":"https:\/\/lesgrandssinges.com\/index.php\/product\/frederique-pages-danse-libre-reedition\/","title":{"rendered":"Fr\u00e9d\u00e9rique Pag\u00e8s <br><strong>Danse libre<\/strong><br>R\u00e9\u00e9dition"},"content":{"rendered":"<p>Po\u00e8te, chanteur, compositeur\u2026 Fr\u00e9d\u00e9ric Pag\u00e8s navigue depuis quelques d\u00e9cennies entre France et Br\u00e9sil, entre rythme et litt\u00e9rature.<br \/>\nIl aime les textes qui se dansent ou qui s\u2019\u00e9vadent de la page quand la voix s\u2019en empare. Il croit en la po\u00e9sie comme expression charnelle et forme d\u2019exorcisme.<br \/>\nEt il s\u2019efforce de jouer de la parole comme d\u2019un instrument de musique.<\/p>\n<h2>L&rsquo;auteur<\/h2>\n<p><strong>Fr\u00e9d\u00e9ric Pag\u00e8s<\/strong> a enregistr\u00e9 7 cds entre France et Br\u00e9sil.<br \/>\nIl a publi\u00e9 grands reportages et critiques litt\u00e9raires et musicales dans T\u00e9l\u00e9rama, Les Inrockuptibles, Le Monde des Religions, Europe, Jazzman, Jazz Magazine, r\u00e9cits et textes po\u00e9tiques dans L\u2019Autre Journal, Fluide Glacial et Rivista Sagarana. Il a \u00e9t\u00e9 correspondant en France des revues br\u00e9siliennes Bravo\u2009! Republica et no.com.br.1<\/p>\n","protected":false},"excerpt":{"rendered":"<p>Recueil po\u00e9sie<\/p>\n","protected":false},"featured_media":251,"template":"","meta":{"_monsterinsights_skip_tracking":false,"_monsterinsights_sitenote_active":false,"_monsterinsights_sitenote_note":"","_monsterinsights_sitenote_category":0},"product_brand":[],"product_cat":[33,23],"product_tag":[],"class_list":{"0":"post-260","1":"product","2":"type-product","3":"status-publish","4":"has-post-thumbnail","6":"product_cat-parus","7":"product_cat-poesie","9":"first","10":"instock","11":"shipping-taxable","12":"purchasable","13":"product-type-simple"},"aioseo_notices":[],"jetpack_sharing_enabled":true,"_links":{"self":[{"href":"https:\/\/lesgrandssinges.com\/index.php\/wp-json\/wp\/v2\/product\/260","targetHints":{"allow":["GET"]}}],"collection":[{"href":"https:\/\/lesgrandssinges.com\/index.php\/wp-json\/wp\/v2\/product"}],"about":[{"href":"https:\/\/lesgrandssinges.com\/index.php\/wp-json\/wp\/v2\/types\/product"}],"wp:featuredmedia":[{"embeddable":true,"href":"https:\/\/lesgrandssinges.com\/index.php\/wp-json\/wp\/v2\/media\/251"}],"wp:attachment":[{"href":"https:\/\/lesgrandssinges.com\/index.php\/wp-json\/wp\/v2\/media?parent=260"}],"wp:term":[{"taxonomy":"product_brand","embeddable":true,"href":"https:\/\/lesgrandssinges.com\/index.php\/wp-json\/wp\/v2\/product_brand?post=260"},{"taxonomy":"product_cat","embeddable":true,"href":"https:\/\/lesgrandssinges.com\/index.php\/wp-json\/wp\/v2\/product_cat?post=260"},{"taxonomy":"product_tag","embeddable":true,"href":"https:\/\/lesgrandssinges.com\/index.php\/wp-json\/wp\/v2\/product_tag?post=260"}],"curies":[{"name":"wp","href":"https:\/\/api.w.org\/{rel}","templated":true}]}}