{"id":258,"date":"2026-04-27T20:34:43","date_gmt":"2026-04-27T18:34:43","guid":{"rendered":"https:\/\/lesgrandssinges.com\/?post_type=product&#038;p=258"},"modified":"2026-04-27T20:51:25","modified_gmt":"2026-04-27T18:51:25","slug":"jerome-soufflet-chair-et-cendre","status":"publish","type":"product","link":"https:\/\/lesgrandssinges.com\/index.php\/product\/jerome-soufflet-chair-et-cendre\/","title":{"rendered":"J\u00e9r\u00f4me Soufflet <br><strong>Chair et cendre<\/strong>"},"content":{"rendered":"<p>Chair et cendre, \u00e9lan et abandon, d\u00e9sir et deuil, d\u00e9couvertes et adieux, dans leurs m\u00e9tamorphoses et dans leurs \u00e2ges. L\u2019auteur nous entra\u00eene dans une danse sensuelle, \u00e0 la fois sombre et lumineuse, toujours musicale, avec l\u2019amour et la mort. Un imaginaire riche et profond, un verbe qui ne s\u2019interdit aucun registre, une po\u00e9sie singuli\u00e8re.<\/p>\n<h2>L&rsquo;auteur<\/h2>\n<p><strong>J\u00e9r\u00f4me Soufflet<\/strong> est l\u2019auteur de plus d\u2019une dizaine de pi\u00e8ces de th\u00e9\u00e2tre originales (Un temps de pierre, Noces, Les repr\u00e9sentants, La foire aux aveux\u2026) et d\u2019adaptations (Le moine, d\u2019apr\u00e8s M.G. Lewis, Fatalitas ! d\u2019apr\u00e8s Gaston Leroux\u2026), qui ont toutes \u00e9t\u00e9 jou\u00e9es par des compagnies professionnelles. Il a \u00e9galement \u00e9t\u00e9 laur\u00e9at de plusieurs concours de nouvelles. En 2025 son premier recueil de po\u00e8mes, L\u2019acharn\u00e9, est \u00e9dit\u00e9 par Les Grands Singes. Parall\u00e8lement, il poursuit sa carri\u00e8re de com\u00e9dien \u00e0 la sc\u00e8ne comme \u00e0 l\u2019\u00e9cran.<\/p>\n<p><strong>Marie Scaglia<\/strong>, apr\u00e8s avoir fait les Beaux-Arts de Saint-\u00c9tienne, a \u00e9t\u00e9 \u00e9clairagiste, sc\u00e9nographe, graphiste, avant de se trourner vers la formation, tout en continuant \u00e0 travailler la photographie et le dessin, et particuli\u00e8rement le mod\u00e8le vivant. Ses personnages, eux aussi de chair et de cendre, dialoguent de fa\u00e7on organique et subtile avec les textes.<\/p>\n","protected":false},"excerpt":{"rendered":"<p>Recueil de po\u00e9sie et illustrations<\/p>\n","protected":false},"featured_media":253,"template":"","meta":{"_monsterinsights_skip_tracking":false,"_monsterinsights_sitenote_active":false,"_monsterinsights_sitenote_note":"","_monsterinsights_sitenote_category":0},"product_brand":[],"product_cat":[38,33,23],"product_tag":[],"class_list":{"0":"post-258","1":"product","2":"type-product","3":"status-publish","4":"has-post-thumbnail","6":"product_cat-nouveaute","7":"product_cat-parus","8":"product_cat-poesie","10":"first","11":"instock","12":"shipping-taxable","13":"purchasable","14":"product-type-simple"},"aioseo_notices":[],"jetpack_sharing_enabled":true,"_links":{"self":[{"href":"https:\/\/lesgrandssinges.com\/index.php\/wp-json\/wp\/v2\/product\/258","targetHints":{"allow":["GET"]}}],"collection":[{"href":"https:\/\/lesgrandssinges.com\/index.php\/wp-json\/wp\/v2\/product"}],"about":[{"href":"https:\/\/lesgrandssinges.com\/index.php\/wp-json\/wp\/v2\/types\/product"}],"wp:featuredmedia":[{"embeddable":true,"href":"https:\/\/lesgrandssinges.com\/index.php\/wp-json\/wp\/v2\/media\/253"}],"wp:attachment":[{"href":"https:\/\/lesgrandssinges.com\/index.php\/wp-json\/wp\/v2\/media?parent=258"}],"wp:term":[{"taxonomy":"product_brand","embeddable":true,"href":"https:\/\/lesgrandssinges.com\/index.php\/wp-json\/wp\/v2\/product_brand?post=258"},{"taxonomy":"product_cat","embeddable":true,"href":"https:\/\/lesgrandssinges.com\/index.php\/wp-json\/wp\/v2\/product_cat?post=258"},{"taxonomy":"product_tag","embeddable":true,"href":"https:\/\/lesgrandssinges.com\/index.php\/wp-json\/wp\/v2\/product_tag?post=258"}],"curies":[{"name":"wp","href":"https:\/\/api.w.org\/{rel}","templated":true}]}}