{"id":255,"date":"2026-04-27T20:54:16","date_gmt":"2026-04-27T18:54:16","guid":{"rendered":"https:\/\/lesgrandssinges.com\/?post_type=product&#038;p=255"},"modified":"2026-04-27T22:38:43","modified_gmt":"2026-04-27T20:38:43","slug":"raphael-seval-vivre-au-temps-des-consequences","status":"publish","type":"product","link":"https:\/\/lesgrandssinges.com\/index.php\/product\/raphael-seval-vivre-au-temps-des-consequences\/","title":{"rendered":"Rapha\u00ebl Seval <br><strong>Vivre au temps des cons\u00e9quences<\/strong>"},"content":{"rendered":"<blockquote><p>Ils existent les sortil\u00e8ges<br \/>\ncapables d\u2019\u00ab\u2009arr\u00eater tout \u00e7a\u2009\u00bb\u2009?<br \/>\nM\u00eame les Tu ne tueras pas<br \/>\nm\u00eame les pri\u00e8res et les Lois<br \/>\nn\u2019ont rien pu.<\/p>\n<p>Et ce Roi qui a si mal,<br \/>\nil gu\u00e9rira\u2009?<br \/>\nIl p\u00eache, bless\u00e9 et pur.<br \/>\nEt dans sa barque<br \/>\net dans sa voix,<br \/>\ntout est silence.<\/p>\n<p>Mais ce silence,<br \/>\nsi tu ne l\u2019\u00e9coutes pas,<br \/>\nsi tu ne le cherches pas<br \/>\nce pas imprim\u00e9 dans sa neige,<br \/>\nqui le fera\u2009?<\/p><\/blockquote>\n<h2>L&rsquo;autrice<\/h2>\n<p>Originaire de Saint-\u00c9tienne, <strong>Rapha\u00eble Selval<\/strong> a toujours \u00e9crit et chant\u00e9, parall\u00e8lement \u00e0 des activit\u00e9s d\u2019enseignement.<br \/>\nElle a publi\u00e9 articles et po\u00e8mes dans diverses revues et est l\u2019auteure de plusieurs recueils : <em>L\u2019avenir est un chien errant<\/em>(avec des dessins de Claude Gaisne, \u00c9ditions du TourneZinc, 2020), <em>Conjuration des mouches bleues<\/em> (avec des dessins de Claude Gaisne, \u00c9ditions du TourneZinc, 2024), <em>Chansons pour une plan\u00e8te qui a mal tourn\u00e9<\/em> (avec des peintures de Chantal Roche, \u00c9ditions La lucarne des \u00e9crivains, 2025). Elle a \u00e9galement r\u00e9alis\u00e9 plusieurs CD, dont un consacr\u00e9 \u00e0 des po\u00e8mes d\u2019Apollinaire qu\u2019elle a mis en musique avec le musicien Olivier M\u2019Sellem (Collections Po\u00e8tes &amp; Chansons, 2016).<\/p>\n<p>Vivre au temps des cons\u00e9quences est son quatri\u00e8me recueil po\u00e9tique<\/p>\n","protected":false},"excerpt":{"rendered":"<p>Recueil de po\u00e9sie<\/p>\n","protected":false},"featured_media":252,"template":"","meta":{"_monsterinsights_skip_tracking":false,"_monsterinsights_sitenote_active":false,"_monsterinsights_sitenote_note":"","_monsterinsights_sitenote_category":0},"product_brand":[],"product_cat":[38,36,33],"product_tag":[],"class_list":{"0":"post-255","1":"product","2":"type-product","3":"status-publish","4":"has-post-thumbnail","6":"product_cat-nouveaute","7":"product_cat-nouveautes","8":"product_cat-parus","10":"first","11":"instock","12":"shipping-taxable","13":"purchasable","14":"product-type-simple"},"aioseo_notices":[],"jetpack_sharing_enabled":true,"_links":{"self":[{"href":"https:\/\/lesgrandssinges.com\/index.php\/wp-json\/wp\/v2\/product\/255","targetHints":{"allow":["GET"]}}],"collection":[{"href":"https:\/\/lesgrandssinges.com\/index.php\/wp-json\/wp\/v2\/product"}],"about":[{"href":"https:\/\/lesgrandssinges.com\/index.php\/wp-json\/wp\/v2\/types\/product"}],"wp:featuredmedia":[{"embeddable":true,"href":"https:\/\/lesgrandssinges.com\/index.php\/wp-json\/wp\/v2\/media\/252"}],"wp:attachment":[{"href":"https:\/\/lesgrandssinges.com\/index.php\/wp-json\/wp\/v2\/media?parent=255"}],"wp:term":[{"taxonomy":"product_brand","embeddable":true,"href":"https:\/\/lesgrandssinges.com\/index.php\/wp-json\/wp\/v2\/product_brand?post=255"},{"taxonomy":"product_cat","embeddable":true,"href":"https:\/\/lesgrandssinges.com\/index.php\/wp-json\/wp\/v2\/product_cat?post=255"},{"taxonomy":"product_tag","embeddable":true,"href":"https:\/\/lesgrandssinges.com\/index.php\/wp-json\/wp\/v2\/product_tag?post=255"}],"curies":[{"name":"wp","href":"https:\/\/api.w.org\/{rel}","templated":true}]}}