{"id":281,"date":"2026-05-03T13:55:12","date_gmt":"2026-05-03T11:55:12","guid":{"rendered":"https:\/\/lesgrandssinges.com\/?page_id=281"},"modified":"2026-05-16T00:47:40","modified_gmt":"2026-05-15T22:47:40","slug":"actualites-des-editions-les-grands-singes","status":"publish","type":"page","link":"https:\/\/lesgrandssinges.com\/index.php\/actualites-des-editions-les-grands-singes\/","title":{"rendered":"Actualit\u00e9s des \u00c9ditions Les Grands Singes"},"content":{"rendered":"\n<blockquote class=\"wp-block-quote is-layout-flow wp-block-quote-is-layout-flow\">\n<p>Retrouver ici toute notre l&rsquo;actualit\u00e9, lectures, salons, march\u00e9 de la po\u00e9sie&#8230;<\/p>\n<\/blockquote>\n\n\n\n<div style=\"height:37px\" aria-hidden=\"true\" class=\"wp-block-spacer\"><\/div>\n\n\n<ul class=\"wp-block-latest-posts__list is-grid columns-3 alignleft wp-block-latest-posts\"><li><div class=\"wp-block-latest-posts__featured-image\"><a href=\"https:\/\/lesgrandssinges.com\/index.php\/2026\/05\/15\/du-03-au-07-juin-2026-les-grands-singes-editeurs-participent-au-marche-de-la-poesie-de-paris-2026\/\" aria-label=\"Du 03 au 07 juin 2026 &#8211; Les Grands Singes \u00e9diteurs participent au March\u00e9 de la Po\u00e9sie de Paris 2026\"><img loading=\"lazy\" decoding=\"async\" width=\"150\" height=\"150\" src=\"https:\/\/lesgrandssinges.com\/wp-content\/uploads\/2026\/05\/Mache_de_la_poesie_paris_2026_Module-150x150.png\" class=\"attachment-thumbnail size-thumbnail wp-post-image\" alt=\"Affiche du March\u00e9 de la po\u00e9sie 2026 de Paris\" style=\"max-width:300px;max-height:300px;\" srcset=\"https:\/\/lesgrandssinges.com\/wp-content\/uploads\/2026\/05\/Mache_de_la_poesie_paris_2026_Module-150x150.png 150w, https:\/\/lesgrandssinges.com\/wp-content\/uploads\/2026\/05\/Mache_de_la_poesie_paris_2026_Module-300x300.png 300w, https:\/\/lesgrandssinges.com\/wp-content\/uploads\/2026\/05\/Mache_de_la_poesie_paris_2026_Module-1024x1024.png 1024w, https:\/\/lesgrandssinges.com\/wp-content\/uploads\/2026\/05\/Mache_de_la_poesie_paris_2026_Module-768x768.png 768w, https:\/\/lesgrandssinges.com\/wp-content\/uploads\/2026\/05\/Mache_de_la_poesie_paris_2026_Module-324x324.png 324w, https:\/\/lesgrandssinges.com\/wp-content\/uploads\/2026\/05\/Mache_de_la_poesie_paris_2026_Module-416x416.png 416w, https:\/\/lesgrandssinges.com\/wp-content\/uploads\/2026\/05\/Mache_de_la_poesie_paris_2026_Module-100x100.png 100w, https:\/\/lesgrandssinges.com\/wp-content\/uploads\/2026\/05\/Mache_de_la_poesie_paris_2026_Module.png 1080w\" sizes=\"auto, (max-width: 150px) 100vw, 150px\" \/><\/a><\/div><a class=\"wp-block-latest-posts__post-title\" href=\"https:\/\/lesgrandssinges.com\/index.php\/2026\/05\/15\/du-03-au-07-juin-2026-les-grands-singes-editeurs-participent-au-marche-de-la-poesie-de-paris-2026\/\">Du 03 au 07 juin 2026 &#8211; Les Grands Singes \u00e9diteurs participent au March\u00e9 de la Po\u00e9sie de Paris 2026<\/a><div class=\"wp-block-latest-posts__post-full-content\"><!-- wp:quote -->\n<blockquote class=\"wp-block-quote\"><!-- wp:paragraph -->\n<p><strong>Lieu :<\/strong>\u00a0Place Saint-Sulpice, 6e arrondissement, m\u00e9tro ligne 4 : Saint Sulpice <\/p>\n<!-- \/wp:paragraph -->\n\n<!-- wp:paragraph -->\n<p><strong>Plus d\u2019informations :<\/strong><a href=\"https:\/\/www.marche-poesie.com\/\" target=\"_blank\" rel=\"noreferrer noopener\">\u00a043e March\u00e9 de la Po\u00e9sie de Paris<\/a>.<\/p>\n<!-- \/wp:paragraph --><\/blockquote>\n<!-- \/wp:quote -->\n\n<!-- wp:paragraph -->\n<p><em>Les Grands Singes<\/em>\u00a0participeront au 43<sup>e<\/sup>\u00a0march\u00e9 de la po\u00e9sie qui se tiendra place Saint-Sulpice \u00e0 Paris, avec comme invit\u00e9 d\u2019honneur l\u2019Irlande. Nous partagerons le stand avec le libraire et \u00e9diteur\u00a0<em>La Lucarne des Ecrivains<\/em>.<\/p>\n<!-- \/wp:paragraph -->\n\n<!-- wp:paragraph -->\n<p><\/p>\n<!-- \/wp:paragraph --><\/div><\/li>\n<li><div class=\"wp-block-latest-posts__featured-image\"><a href=\"https:\/\/lesgrandssinges.com\/index.php\/2026\/05\/15\/28-juin-2026-concert-lecture\/\" aria-label=\"28 juin 2026 18 h &#8211; Concert lecture\"><img loading=\"lazy\" decoding=\"async\" width=\"150\" height=\"150\" src=\"https:\/\/lesgrandssinges.com\/wp-content\/uploads\/2026\/05\/Capture-decran-2026-05-15-224952-150x150.png\" class=\"attachment-thumbnail size-thumbnail wp-post-image\" alt=\"\" style=\"max-width:300px;max-height:300px;\" srcset=\"https:\/\/lesgrandssinges.com\/wp-content\/uploads\/2026\/05\/Capture-decran-2026-05-15-224952-150x150.png 150w, https:\/\/lesgrandssinges.com\/wp-content\/uploads\/2026\/05\/Capture-decran-2026-05-15-224952-324x324.png 324w, https:\/\/lesgrandssinges.com\/wp-content\/uploads\/2026\/05\/Capture-decran-2026-05-15-224952-100x100.png 100w\" sizes=\"auto, (max-width: 150px) 100vw, 150px\" \/><\/a><\/div><a class=\"wp-block-latest-posts__post-title\" href=\"https:\/\/lesgrandssinges.com\/index.php\/2026\/05\/15\/28-juin-2026-concert-lecture\/\">28 juin 2026 18 h &#8211; Concert lecture<\/a><div class=\"wp-block-latest-posts__post-full-content\"><!-- wp:quote -->\n<blockquote class=\"wp-block-quote\"><!-- wp:paragraph -->\n<p><strong>Lieu : <\/strong>Aux Pianos-La Guillotine, 24-26 rue Robespierre, \u00e0 Montreuil<\/p>\n<!-- \/wp:paragraph --><\/blockquote>\n<!-- \/wp:quote -->\n\n<!-- wp:paragraph -->\n<p>La po\u00e9tesse <strong>Rapha\u00eble Selval <\/strong>lira ses textes en compagnie de <strong>Nozomi Misawa<\/strong> au piano et d\u2019<strong>Ayako Hase <\/strong>\u00e0 l\u2019ondomo (version actuelle des ondes Martenot), avec des \u0153uvres d\u2019Olivier Messiaen, Szczezin, Darius Milhaud, Maurice Ravel, des airs d\u2019Etenraku&#8230; et des compositions contemporaines pour ondes Martenot.<\/p>\n<!-- \/wp:paragraph -->\n\n<!-- wp:paragraph -->\n<p><\/p>\n<!-- \/wp:paragraph --><\/div><\/li>\n<li><div class=\"wp-block-latest-posts__featured-image\"><a href=\"https:\/\/lesgrandssinges.com\/index.php\/2026\/05\/15\/participation-des-grands-singes-au-festival-voix-vives-de-mediterranee-en-mediterranee\/\" aria-label=\"Du 17 au 25 juillet au 2026 &#8211; Participation au Festival Voix Vives de M\u00e9diterran\u00e9e en M\u00e9diterran\u00e9e\"><img loading=\"lazy\" decoding=\"async\" width=\"150\" height=\"150\" src=\"https:\/\/lesgrandssinges.com\/wp-content\/uploads\/2026\/05\/voix_vives_en_mediteranee_festival_poesie-150x150.png\" class=\"attachment-thumbnail size-thumbnail wp-post-image\" alt=\"\" style=\"max-width:300px;max-height:300px;\" srcset=\"https:\/\/lesgrandssinges.com\/wp-content\/uploads\/2026\/05\/voix_vives_en_mediteranee_festival_poesie-150x150.png 150w, https:\/\/lesgrandssinges.com\/wp-content\/uploads\/2026\/05\/voix_vives_en_mediteranee_festival_poesie-324x324.png 324w, https:\/\/lesgrandssinges.com\/wp-content\/uploads\/2026\/05\/voix_vives_en_mediteranee_festival_poesie-100x100.png 100w\" sizes=\"auto, (max-width: 150px) 100vw, 150px\" \/><\/a><\/div><a class=\"wp-block-latest-posts__post-title\" href=\"https:\/\/lesgrandssinges.com\/index.php\/2026\/05\/15\/participation-des-grands-singes-au-festival-voix-vives-de-mediterranee-en-mediterranee\/\">Du 17 au 25 juillet au 2026 &#8211; Participation au Festival Voix Vives de M\u00e9diterran\u00e9e en M\u00e9diterran\u00e9e<\/a><div class=\"wp-block-latest-posts__post-full-content\"><!-- wp:quote -->\n<blockquote class=\"wp-block-quote\"><!-- wp:paragraph -->\n<p><strong>Lieu : <\/strong>Ville de S\u00e8te<\/p>\n<!-- \/wp:paragraph -->\n\n<!-- wp:paragraph -->\n<p><strong>Plus d&rsquo;informations :<\/strong> <a href=\"https:\/\/www.sete.voixvivesmediterranee.com\/\" target=\"_blank\" rel=\"noopener\" title=\"Festival VOIX VIVES de M\u00e9diterran\u00e9e en M\u00e9diterran\u00e9e\">Festival VOIX VIVES de M\u00e9diterran\u00e9e en M\u00e9diterran\u00e9<\/a><\/p>\n<!-- \/wp:paragraph --><\/blockquote>\n<!-- \/wp:quote -->\n\n<!-- wp:paragraph -->\n<p>L&rsquo;\u00e9dition<em> Les Grands Singes <\/em>participe \u00e0 la grande f\u00eate de la po\u00e9sie m\u00e9diterran\u00e9enne contemporaine, le <em>Festival VOIX VIVES de M\u00e9diterran\u00e9e en M\u00e9diterran\u00e9e<\/em>.<\/p>\n<!-- \/wp:paragraph --><\/div><\/li>\n<li><div class=\"wp-block-latest-posts__featured-image\"><a href=\"https:\/\/lesgrandssinges.com\/index.php\/2026\/05\/03\/on-parle-de-nous\/\" aria-label=\"Mai 2026 &#8211; On parle de nous\"><img loading=\"lazy\" decoding=\"async\" width=\"150\" height=\"150\" src=\"https:\/\/lesgrandssinges.com\/wp-content\/uploads\/2025\/05\/LGSLOGO-150x150.jpg\" class=\"attachment-thumbnail size-thumbnail wp-post-image\" alt=\"Logo accueil\" style=\"max-width:300px;max-height:300px;\" srcset=\"https:\/\/lesgrandssinges.com\/wp-content\/uploads\/2025\/05\/LGSLOGO-150x150.jpg 150w, https:\/\/lesgrandssinges.com\/wp-content\/uploads\/2025\/05\/LGSLOGO-300x300.jpg 300w, https:\/\/lesgrandssinges.com\/wp-content\/uploads\/2025\/05\/LGSLOGO-324x324.jpg 324w, https:\/\/lesgrandssinges.com\/wp-content\/uploads\/2025\/05\/LGSLOGO-416x416.jpg 416w, https:\/\/lesgrandssinges.com\/wp-content\/uploads\/2025\/05\/LGSLOGO-100x100.jpg 100w, https:\/\/lesgrandssinges.com\/wp-content\/uploads\/2025\/05\/LGSLOGO.jpg 454w\" sizes=\"auto, (max-width: 150px) 100vw, 150px\" \/><\/a><\/div><a class=\"wp-block-latest-posts__post-title\" href=\"https:\/\/lesgrandssinges.com\/index.php\/2026\/05\/03\/on-parle-de-nous\/\">Mai 2026 &#8211; On parle de nous<\/a><div class=\"wp-block-latest-posts__post-full-content\"><!-- wp:quote -->\n<blockquote class=\"wp-block-quote\"><!-- wp:paragraph -->\n<p>Un article de <strong>Laura Vasquez <\/strong>sur la po\u00e9sie de <strong>Valeria Varas<\/strong> \u00e0 para\u00eetre au Costa Rica.<\/p>\n<!-- \/wp:paragraph --><\/blockquote>\n<!-- \/wp:quote -->\n\n<!-- wp:paragraph -->\n<p><\/p>\n<!-- \/wp:paragraph --><\/div><\/li>\n<li><div class=\"wp-block-latest-posts__featured-image\"><a href=\"https:\/\/lesgrandssinges.com\/index.php\/2026\/04\/24\/mai-2026-sortie-de-nouveaux-recueils\/\" aria-label=\"Fin avril 2026 &#8211; Sortie de nouveaux recueils !\"><img loading=\"lazy\" decoding=\"async\" width=\"150\" height=\"150\" src=\"https:\/\/lesgrandssinges.com\/wp-content\/uploads\/2025\/05\/LGSLOGO-150x150.jpg\" class=\"attachment-thumbnail size-thumbnail wp-post-image\" alt=\"Logo accueil\" style=\"max-width:300px;max-height:300px;\" srcset=\"https:\/\/lesgrandssinges.com\/wp-content\/uploads\/2025\/05\/LGSLOGO-150x150.jpg 150w, https:\/\/lesgrandssinges.com\/wp-content\/uploads\/2025\/05\/LGSLOGO-300x300.jpg 300w, https:\/\/lesgrandssinges.com\/wp-content\/uploads\/2025\/05\/LGSLOGO-324x324.jpg 324w, https:\/\/lesgrandssinges.com\/wp-content\/uploads\/2025\/05\/LGSLOGO-416x416.jpg 416w, https:\/\/lesgrandssinges.com\/wp-content\/uploads\/2025\/05\/LGSLOGO-100x100.jpg 100w, https:\/\/lesgrandssinges.com\/wp-content\/uploads\/2025\/05\/LGSLOGO.jpg 454w\" sizes=\"auto, (max-width: 150px) 100vw, 150px\" \/><\/a><\/div><a class=\"wp-block-latest-posts__post-title\" href=\"https:\/\/lesgrandssinges.com\/index.php\/2026\/04\/24\/mai-2026-sortie-de-nouveaux-recueils\/\">Fin avril 2026 &#8211; Sortie de nouveaux recueils !<\/a><div class=\"wp-block-latest-posts__post-full-content\"><!-- wp:quote -->\n<blockquote class=\"wp-block-quote\"><!-- wp:paragraph -->\n<p>Trois nouveaux titres parus dans la collection po\u00e9sie\u00a0: <br><strong>Rapha\u00eble Selval<\/strong> \u00ab\u00a0<em>Vivre au temps des cons\u00e9quences<\/em>\u00a0\u00bb, <strong>J\u00e9r\u00f4me Soufflet<\/strong> \u00ab\u00a0<em>Chair et cendre<\/em>\u00a0\u00bb et <strong>J\u00e9r\u00f4me Karoly <\/strong>\u00ab\u00a0L\u2019\u00e2ge \u00e9lastique\u00a0\u00bb.<\/p>\n<!-- \/wp:paragraph --><\/blockquote>\n<!-- \/wp:quote -->\n\n<!-- wp:paragraph -->\n<p>De nouvelles \u00e9ditions des recueils de <strong>Valeria Varas<\/strong> \u00ab\u00a0<em>Serpiente de exilio<\/em>\u00a0\u00bb et <strong>Fr\u00e9d\u00e9ric Pag\u00e8s<\/strong> \u00ab\u00a0<em>Danse libre<\/em>\u00a0\u00bb viennent de para\u00eetre.<\/p>\n<!-- \/wp:paragraph -->\n\n<!-- wp:paragraph -->\n<p><\/p>\n<!-- \/wp:paragraph --><\/div><\/li>\n<\/ul>\n\n\n<h2 class=\"wp-block-heading\">Actualit\u00e9s pass\u00e9es<\/h2>\n\n\n<ul class=\"wp-block-latest-posts__list wp-block-latest-posts\"><li><div class=\"wp-block-latest-posts__featured-image alignleft\"><a href=\"https:\/\/lesgrandssinges.com\/index.php\/2025\/12\/08\/du-12-au-14-decembre-2025-marche-de-la-poesie-a-lille\/\" aria-label=\"Du 12 au 14 d\u00e9cembre 2025 &#8211; March\u00e9 de la po\u00e9sie \u00e0 Lille\"><img loading=\"lazy\" decoding=\"async\" width=\"150\" height=\"150\" src=\"https:\/\/lesgrandssinges.com\/wp-content\/uploads\/2026\/05\/marche_de_la_poesie_lille_2025_12-150x150.jpg\" class=\"attachment-thumbnail size-thumbnail wp-post-image\" alt=\"\" style=\"max-width:200px;max-height:200px;\" srcset=\"https:\/\/lesgrandssinges.com\/wp-content\/uploads\/2026\/05\/marche_de_la_poesie_lille_2025_12-150x150.jpg 150w, https:\/\/lesgrandssinges.com\/wp-content\/uploads\/2026\/05\/marche_de_la_poesie_lille_2025_12-324x324.jpg 324w, https:\/\/lesgrandssinges.com\/wp-content\/uploads\/2026\/05\/marche_de_la_poesie_lille_2025_12-100x100.jpg 100w\" sizes=\"auto, (max-width: 150px) 100vw, 150px\" \/><\/a><\/div><a class=\"wp-block-latest-posts__post-title\" href=\"https:\/\/lesgrandssinges.com\/index.php\/2025\/12\/08\/du-12-au-14-decembre-2025-marche-de-la-poesie-a-lille\/\">Du 12 au 14 d\u00e9cembre 2025 &#8211; March\u00e9 de la po\u00e9sie \u00e0 Lille<\/a><div class=\"wp-block-latest-posts__post-full-content\"><!-- wp:quote -->\n<blockquote class=\"wp-block-quote\"><!-- wp:paragraph -->\n<p><strong>Lieu : <\/strong>Le Tripostal &#8211; Lille<\/p>\n<!-- \/wp:paragraph -->\n\n<!-- wp:paragraph -->\n<p><strong>Plus d&rsquo;informations : <\/strong><a href=\"https:\/\/www.marche-poesie.com\/lille-2025\/\" title=\"March\u00e9 de la po\u00e9sie Lille 2025\">March\u00e9 de la po\u00e9sie Lille 2025<\/a><\/p>\n<!-- \/wp:paragraph --><\/blockquote>\n<!-- \/wp:quote -->\n\n<!-- wp:paragraph -->\n<p>Participation de l&rsquo;\u00e9dition les Grands Singes au march\u00e9 de la po\u00e9sie de Lille. Stand, lectures de J\u00e9r\u00f4me Soufflet, rencontres signatures.<\/p>\n<!-- \/wp:paragraph -->\n\n<!-- wp:paragraph -->\n<p><\/p>\n<!-- \/wp:paragraph --><\/div><\/li>\n<li><div class=\"wp-block-latest-posts__featured-image alignleft\"><a href=\"https:\/\/lesgrandssinges.com\/index.php\/2025\/11\/19\/le-29-novembre-2026-lecture-concert-a-la-librairie-le-reservoir\/\" aria-label=\"Le 29 novembre 2026 \u00e0 18h &#8211; Lecture concert \u00e0 la Librairie le R\u00e9servoir\"><img loading=\"lazy\" decoding=\"async\" width=\"150\" height=\"150\" src=\"https:\/\/lesgrandssinges.com\/wp-content\/uploads\/2026\/05\/Lecture-concert-Les-grangds-singes-librairie-le-reservoir-montreuil-150x150.png\" class=\"attachment-thumbnail size-thumbnail wp-post-image\" alt=\"Lecture de po\u00e9sie concert \u00e0 la librairie le r\u00e9servoir\" style=\"max-width:200px;max-height:200px;\" srcset=\"https:\/\/lesgrandssinges.com\/wp-content\/uploads\/2026\/05\/Lecture-concert-Les-grangds-singes-librairie-le-reservoir-montreuil-150x150.png 150w, https:\/\/lesgrandssinges.com\/wp-content\/uploads\/2026\/05\/Lecture-concert-Les-grangds-singes-librairie-le-reservoir-montreuil-324x324.png 324w, https:\/\/lesgrandssinges.com\/wp-content\/uploads\/2026\/05\/Lecture-concert-Les-grangds-singes-librairie-le-reservoir-montreuil-100x100.png 100w\" sizes=\"auto, (max-width: 150px) 100vw, 150px\" \/><\/a><\/div><a class=\"wp-block-latest-posts__post-title\" href=\"https:\/\/lesgrandssinges.com\/index.php\/2025\/11\/19\/le-29-novembre-2026-lecture-concert-a-la-librairie-le-reservoir\/\">Le 29 novembre 2026 \u00e0 18h &#8211; Lecture concert \u00e0 la Librairie le R\u00e9servoir<\/a><div class=\"wp-block-latest-posts__post-full-content\"><!-- wp:quote -->\n<blockquote class=\"wp-block-quote\"><!-- wp:paragraph -->\n<p><strong>Lieu : <\/strong>Librairie Le r\u00e9servoir &#8211; Montreuil<br>En collaboration avec le Conservatoire de musique de Montreuil et les \u00e9ditions Les Grands Singes.<\/p>\n<!-- \/wp:paragraph --><\/blockquote>\n<!-- \/wp:quote -->\n\n<!-- wp:paragraph -->\n<p>Le groupe <em>JAZZ DOUBLE KEYS FIVE<\/em> et les auteurs de la maison d\u2019\u00e9dition <em>LES GRANDS SINGES <\/em>vous convient \u00e0 une lecture concert.<br>Auteurs, lecteurs : <strong>J\u00e9r\u00f4me Soufflet<\/strong>, <strong>Fr\u00e9d\u00e9ric Pag\u00e8s<\/strong>, <strong>J\u00e9r\u00f4me Karoly<\/strong><br>Com\u00e9dienne, lecteurs invit\u00e9s : <strong>Sabine Rosoli<\/strong>, <strong>Gustavo Bocas<\/strong><\/p>\n<!-- \/wp:paragraph -->\n\n<!-- wp:paragraph -->\n<p><\/p>\n<!-- \/wp:paragraph --><\/div><\/li>\n<li><div class=\"wp-block-latest-posts__featured-image alignleft\"><a href=\"https:\/\/lesgrandssinges.com\/index.php\/2025\/06\/23\/du-18-au-22-juin-2025-les-grands-singes-edition-participe-au-marche-de-la-poesie-de-paris-2025\/\" aria-label=\"Du 18 au 22 juin 2025 &#8211; Les Grands Singes \u00e9dition participe au march\u00e9 de la po\u00e9sie de Paris 2025\"><img loading=\"lazy\" decoding=\"async\" width=\"150\" height=\"150\" src=\"https:\/\/lesgrandssinges.com\/wp-content\/uploads\/2026\/05\/Stand_les_grands_singes_editeur_mache_poesie_paris_2025-150x150.jpg\" class=\"attachment-thumbnail size-thumbnail wp-post-image\" alt=\"\" style=\"max-width:200px;max-height:200px;\" srcset=\"https:\/\/lesgrandssinges.com\/wp-content\/uploads\/2026\/05\/Stand_les_grands_singes_editeur_mache_poesie_paris_2025-150x150.jpg 150w, https:\/\/lesgrandssinges.com\/wp-content\/uploads\/2026\/05\/Stand_les_grands_singes_editeur_mache_poesie_paris_2025-324x324.jpg 324w, https:\/\/lesgrandssinges.com\/wp-content\/uploads\/2026\/05\/Stand_les_grands_singes_editeur_mache_poesie_paris_2025-100x100.jpg 100w\" sizes=\"auto, (max-width: 150px) 100vw, 150px\" \/><\/a><\/div><a class=\"wp-block-latest-posts__post-title\" href=\"https:\/\/lesgrandssinges.com\/index.php\/2025\/06\/23\/du-18-au-22-juin-2025-les-grands-singes-edition-participe-au-marche-de-la-poesie-de-paris-2025\/\">Du 18 au 22 juin 2025 &#8211; Les Grands Singes \u00e9dition participe au march\u00e9 de la po\u00e9sie de Paris 2025<\/a><div class=\"wp-block-latest-posts__post-full-content\"><!-- wp:paragraph -->\n<p>Lieu : Place Saint Sulpice &#8211; 75006 -Paris<\/p>\n<!-- \/wp:paragraph -->\n\n<!-- wp:paragraph -->\n<p>Pr\u00e9sence sur la 42\u00e8me march\u00e9 de la po\u00e9sie de Paris. Lectures sur le stand, rencontres d\u00e9dicaces. <\/p>\n<!-- \/wp:paragraph --><\/div><\/li>\n<li><div class=\"wp-block-latest-posts__featured-image alignleft\"><a href=\"https:\/\/lesgrandssinges.com\/index.php\/2025\/06\/18\/27-juin-2025-lecture-poetique-edition-les-grands-singe\/\" aria-label=\"27 juin 2025 &#8211; Lecture po\u00e9tique \u00e9dition les Grands Singes\"><img loading=\"lazy\" decoding=\"async\" width=\"150\" height=\"150\" src=\"https:\/\/lesgrandssinges.com\/wp-content\/uploads\/2026\/05\/Lecture_poetique_edition_les_grands_singes-150x150.jpg\" class=\"attachment-thumbnail size-thumbnail wp-post-image\" alt=\"\" style=\"max-width:200px;max-height:200px;\" srcset=\"https:\/\/lesgrandssinges.com\/wp-content\/uploads\/2026\/05\/Lecture_poetique_edition_les_grands_singes-150x150.jpg 150w, https:\/\/lesgrandssinges.com\/wp-content\/uploads\/2026\/05\/Lecture_poetique_edition_les_grands_singes-324x324.jpg 324w, https:\/\/lesgrandssinges.com\/wp-content\/uploads\/2026\/05\/Lecture_poetique_edition_les_grands_singes-100x100.jpg 100w\" sizes=\"auto, (max-width: 150px) 100vw, 150px\" \/><\/a><\/div><a class=\"wp-block-latest-posts__post-title\" href=\"https:\/\/lesgrandssinges.com\/index.php\/2025\/06\/18\/27-juin-2025-lecture-poetique-edition-les-grands-singe\/\">27 juin 2025 &#8211; Lecture po\u00e9tique \u00e9dition les Grands Singes<\/a><div class=\"wp-block-latest-posts__post-full-content\"><!-- wp:quote -->\n<blockquote class=\"wp-block-quote\"><!-- wp:paragraph -->\n<p><strong>Lieu : <\/strong>L&rsquo;Escalier Espace d&rsquo;art &#8211; Montreuil<\/p>\n<!-- \/wp:paragraph --><\/blockquote>\n<!-- \/wp:quote -->\n\n<!-- wp:paragraph -->\n<p>Pour le lancement de la maison d&rsquo;\u00e9dition<em> Les Grands Singes<\/em> en collaboration avec l&rsquo;<em>Escalier espace d&rsquo;art<\/em>, les auteurs de cette premi\u00e8re collection de po\u00e9sie vous proposent une lecture concert, bilingue fran\u00e7ais espagnol.<\/p>\n<!-- \/wp:paragraph -->\n\n<!-- wp:paragraph -->\n<p>Auteurs, lecteurs : <strong>Valeria Varas, J\u00e9r\u00f4me Karoly, Fr\u00e9d\u00e9ric Pag\u00e8s, J\u00e9r\u00f4me Soufflet<\/strong><\/p>\n<!-- \/wp:paragraph -->\n\n<!-- wp:paragraph -->\n<p>Lecteur :<strong> Gustavo Bocas<\/strong><\/p>\n<!-- \/wp:paragraph -->\n\n<!-- wp:paragraph -->\n<p><\/p>\n<!-- \/wp:paragraph --><\/div><\/li>\n<\/ul>\n\n\n<p><\/p>\n","protected":false},"excerpt":{"rendered":"<p>Retrouver ici toute notre l&rsquo;actualit\u00e9, lectures, salons, march\u00e9 de la po\u00e9sie&#8230; Actualit\u00e9s pass\u00e9es<\/p>\n","protected":false},"author":1,"featured_media":0,"parent":0,"menu_order":0,"comment_status":"closed","ping_status":"closed","template":"","meta":{"_monsterinsights_skip_tracking":false,"_monsterinsights_sitenote_active":false,"_monsterinsights_sitenote_note":"","_monsterinsights_sitenote_category":0,"footnotes":""},"class_list":["post-281","page","type-page","status-publish","hentry"],"aioseo_notices":[],"jetpack_sharing_enabled":true,"_links":{"self":[{"href":"https:\/\/lesgrandssinges.com\/index.php\/wp-json\/wp\/v2\/pages\/281","targetHints":{"allow":["GET"]}}],"collection":[{"href":"https:\/\/lesgrandssinges.com\/index.php\/wp-json\/wp\/v2\/pages"}],"about":[{"href":"https:\/\/lesgrandssinges.com\/index.php\/wp-json\/wp\/v2\/types\/page"}],"author":[{"embeddable":true,"href":"https:\/\/lesgrandssinges.com\/index.php\/wp-json\/wp\/v2\/users\/1"}],"replies":[{"embeddable":true,"href":"https:\/\/lesgrandssinges.com\/index.php\/wp-json\/wp\/v2\/comments?post=281"}],"version-history":[{"count":27,"href":"https:\/\/lesgrandssinges.com\/index.php\/wp-json\/wp\/v2\/pages\/281\/revisions"}],"predecessor-version":[{"id":412,"href":"https:\/\/lesgrandssinges.com\/index.php\/wp-json\/wp\/v2\/pages\/281\/revisions\/412"}],"wp:attachment":[{"href":"https:\/\/lesgrandssinges.com\/index.php\/wp-json\/wp\/v2\/media?parent=281"}],"curies":[{"name":"wp","href":"https:\/\/api.w.org\/{rel}","templated":true}]}}